{"id":178,"date":"2025-09-30T22:02:15","date_gmt":"2025-09-30T19:02:15","guid":{"rendered":"https:\/\/www.alierenyuksel.com\/?page_id=178"},"modified":"2025-10-20T16:00:42","modified_gmt":"2025-10-20T13:00:42","slug":"404-2","status":"publish","type":"page","link":"https:\/\/www.alierenyuksel.com\/fr\/404-2\/","title":{"rendered":"404"},"content":{"rendered":"<style>.elementor-178 .elementor-element.elementor-element-55816519:not(.elementor-motion-effects-element-type-background), .elementor-178 .elementor-element.elementor-element-55816519 > .elementor-motion-effects-container > .elementor-motion-effects-layer{background-color:#000000;background-image:url(\"https:\/\/www.alierenyuksel.com\/wp-content\/uploads\/2025\/10\/ali-eren-yuksel-19.jpg\");background-position:center center;background-size:cover;}.elementor-178 .elementor-element.elementor-element-55816519 > .elementor-background-overlay{background-color:#000000;opacity:0.08;transition:background 0.3s, border-radius 0.3s, opacity 0.3s;}.elementor-178 .elementor-element.elementor-element-55816519.elementor-section.jkit-sticky-element--enabled.sticky-pinned.jkit-sticky-element-on--down{top:0px;}.elementor-178 .elementor-element.elementor-element-55816519.elementor-section.jkit-sticky-element--enabled.sticky-pinned.jkit-sticky-element-on--both{top:0px;}#wpadminbar ~ .elementor-178 .elementor-element.elementor-element-55816519.elementor-section.jkit-sticky-element--enabled.sticky-pinned.jkit-sticky-element-on--down, #wpadminbar ~ * .elementor-178 .elementor-element.elementor-element-55816519.elementor-section.jkit-sticky-element--enabled.sticky-pinned.jkit-sticky-element-on--down{top:calc(0px + var(--wpadminbar-height, 0px));}#wpadminbar ~ .elementor-178 .elementor-element.elementor-element-55816519.elementor-section.jkit-sticky-element--enabled.sticky-pinned.jkit-sticky-element-on--both, #wpadminbar ~ * .elementor-178 .elementor-element.elementor-element-55816519.elementor-section.jkit-sticky-element--enabled.sticky-pinned.jkit-sticky-element-on--both{top:calc(0px + var(--wpadminbar-height, 0px));}.elementor-178 .elementor-element.elementor-element-55816519{border-style:solid;border-width:20px 20px 20px 20px;border-color:#FFFFFF;transition:background 0.3s, border 0.3s, border-radius 0.3s, box-shadow 0.3s;margin-top:0px;margin-bottom:0px;padding:0px 0px 0px 0px;z-index:5;}.elementor-178 .elementor-element.elementor-element-55816519, .elementor-178 .elementor-element.elementor-element-55816519 > .elementor-background-overlay{border-radius:50px 50px 50px 50px;}.elementor-178 .elementor-element.elementor-element-55816519.elementor-section.jkit-sticky-element--enabled.sticky-pinned{background-color:#FFFFFF;transition:margin 0.1s, padding 0.1s, background 0.1s, box-shadow 0.1s, transform 0.1s, opacity 0.1s;}.elementor-178 .elementor-element.elementor-element-55816519.elementor-section.jkit-sticky-element--enabled{transition:margin 0.1s, padding 0.1s, background 0.1s, box-shadow 0.1s, transform 0.1s, opacity 0.1s;z-index:5;}.elementor-178 .elementor-element.elementor-element-51a58eb7 > .elementor-element-populated, .elementor-178 .elementor-element.elementor-element-51a58eb7 > .elementor-element-populated > .elementor-background-overlay, .elementor-178 .elementor-element.elementor-element-51a58eb7 > .elementor-background-slideshow{border-radius:20px 20px 20px 20px;}.elementor-178 .elementor-element.elementor-element-51a58eb7 > .elementor-element-populated{margin:60px 0px 0px 0px;--e-column-margin-right:0px;--e-column-margin-left:0px;padding:0px 0px 0px 0px;}.elementor-178 .elementor-element.elementor-element-6b9080e5 > .elementor-container{max-width:750px;}.elementor-178 .elementor-element.elementor-element-6b9080e5{margin-top:0px;margin-bottom:0px;padding:0px 0px 0px 0px;z-index:5;}.elementor-178 .elementor-element.elementor-element-739d732:not(.elementor-motion-effects-element-type-background) > .elementor-widget-wrap, .elementor-178 .elementor-element.elementor-element-739d732 > .elementor-widget-wrap > .elementor-motion-effects-container > .elementor-motion-effects-layer{background-color:#FFFFFF12;}.elementor-178 .elementor-element.elementor-element-739d732.elementor-column > .elementor-widget-wrap{justify-content:center;}.elementor-178 .elementor-element.elementor-element-739d732 > .elementor-element-populated, .elementor-178 .elementor-element.elementor-element-739d732 > .elementor-element-populated > .elementor-background-overlay, .elementor-178 .elementor-element.elementor-element-739d732 > .elementor-background-slideshow{border-radius:20px 20px 20px 20px;}.elementor-178 .elementor-element.elementor-element-739d732 > .elementor-element-populated{transition:background 0.3s, border 0.3s, border-radius 0.3s, box-shadow 0.3s;padding:60px 60px 60px 60px;}.elementor-178 .elementor-element.elementor-element-739d732 > .elementor-element-populated > .elementor-background-overlay{transition:background 0.3s, border-radius 0.3s, opacity 0.3s;}.elementor-178 .elementor-element.elementor-element-739d732.elementor-column > .elementor-element-populated::before{content:\"\";width:100%;height:100%;position:absolute;left:0;top:0;-webkit-backdrop-filter:blur(10px);backdrop-filter:blur(10px);border-radius:inherit;background-color:inherit;}.elementor-178 .elementor-element.elementor-element-3ecbeb33{margin:-60px 0px calc(var(--kit-widget-spacing, 0px) + 0px) 0px;text-align:center;}.elementor-178 .elementor-element.elementor-element-3ecbeb33 .elementor-heading-title{font-family:var( --e-global-typography-8075c09-font-family ), Sans-serif;font-size:var( --e-global-typography-8075c09-font-size );font-weight:var( --e-global-typography-8075c09-font-weight );line-height:var( --e-global-typography-8075c09-line-height );color:#FFFFFF;}.elementor-178 .elementor-element.elementor-element-6922c642{margin:0px 0px calc(var(--kit-widget-spacing, 0px) + 0px) 0px;text-align:center;}.elementor-178 .elementor-element.elementor-element-6922c642 .elementor-heading-title{font-family:var( --e-global-typography-22f92d0-font-family ), Sans-serif;font-size:var( --e-global-typography-22f92d0-font-size );font-weight:var( --e-global-typography-22f92d0-font-weight );line-height:var( --e-global-typography-22f92d0-line-height );color:#FFFFFF;}.elementor-178 .elementor-element.elementor-element-54e2e7a1{--divider-border-style:solid;--divider-color:#FFFFFF2B;--divider-border-width:1px;margin:10px 0px calc(var(--kit-widget-spacing, 0px) + 0px) 0px;}.elementor-178 .elementor-element.elementor-element-54e2e7a1 .elementor-divider-separator{width:345px;margin:0 auto;margin-center:0;}.elementor-178 .elementor-element.elementor-element-54e2e7a1 .elementor-divider{text-align:center;}.elementor-178 .elementor-element.elementor-element-2ef71323{width:var( --container-widget-width, 415px );max-width:415px;margin:-5px 0px calc(var(--kit-widget-spacing, 0px) + 0px) 0px;--container-widget-width:415px;--container-widget-flex-grow:0;text-align:center;font-family:var( --e-global-typography-text-font-family ), Sans-serif;font-size:var( --e-global-typography-text-font-size );font-weight:var( --e-global-typography-text-font-weight );color:#FFFFFF;}.elementor-178 .elementor-element.elementor-element-78fc9451 .jeg-elementor-kit.jkit-button .jkit-button-wrapper{background-color:#02010100;padding:13px 32px 13px 32px;font-family:var( --e-global-typography-56f70b3-font-family ), Sans-serif;font-size:var( --e-global-typography-56f70b3-font-size );font-weight:var( --e-global-typography-56f70b3-font-weight );text-transform:var( --e-global-typography-56f70b3-text-transform );line-height:var( --e-global-typography-56f70b3-line-height );letter-spacing:var( --e-global-typography-56f70b3-letter-spacing );color:#FFFFFF;border-style:solid;border-width:1px 1px 1px 1px;border-color:#FFFFFF;border-radius:50px 50px 50px 50px;}.elementor-178 .elementor-element.elementor-element-78fc9451{margin:30px 0px calc(var(--kit-widget-spacing, 0px) + 0px) 0px;}.elementor-178 .elementor-element.elementor-element-78fc9451 .jeg-elementor-kit.jkit-button{text-align:center;}.elementor-178 .elementor-element.elementor-element-78fc9451 .jeg-elementor-kit.jkit-button .jkit-button-wrapper svg{fill:#FFFFFF;width:20px;}.elementor-178 .elementor-element.elementor-element-78fc9451 .jeg-elementor-kit.jkit-button .jkit-button-wrapper:hover{color:var( --e-global-color-80c65b4 );border-style:solid;border-color:var( --e-global-color-80c65b4 );}.elementor-178 .elementor-element.elementor-element-78fc9451 .jeg-elementor-kit.jkit-button .jkit-button-wrapper:hover svg{fill:var( --e-global-color-80c65b4 );}.elementor-178 .elementor-element.elementor-element-78fc9451 .jeg-elementor-kit.jkit-button .jkit-button-wrapper i{font-size:20px;}.elementor-178 .elementor-element.elementor-element-78fc9451 .jeg-elementor-kit.jkit-button.icon-position-before .jkit-button-wrapper i, .elementor-178 .elementor-element.elementor-element-78fc9451 .jeg-elementor-kit.jkit-button.icon-position-before .jkit-button-wrapper svg{margin-right:7px;}.elementor-178 .elementor-element.elementor-element-78fc9451 .jeg-elementor-kit.jkit-button.icon-position-after .jkit-button-wrapper i, .elementor-178 .elementor-element.elementor-element-78fc9451 .jeg-elementor-kit.jkit-button.icon-position-after .jkit-button-wrapper svg{margin-left:7px;}.elementor-178 .elementor-element.elementor-element-78fc9451 .jeg-elementor-kit.jkit-button .jkit-button-wrapper i, .elementor-178 .elementor-element.elementor-element-78fc9451 .jeg-elementor-kit.jkit-button .jkit-button-wrapper svg{-webkit-transform:translateY(-1px);-ms-transform:translateY(-1px);-o-transform:translateY(-1px);-moz-transform:translateY(-1px);transform:translateY(-1px);}.elementor-178 .elementor-element.elementor-element-78fc9451 .jeg-elementor-kit.jkit-button .jkit-button-wrapper:not(:hover) > i{color:#FFFFFF;}.elementor-178 .elementor-element.elementor-element-78fc9451 .jeg-elementor-kit.jkit-button .jkit-button-wrapper:not(:hover) > svg{fill:#FFFFFF;}.elementor-178 .elementor-element.elementor-element-78fc9451 .jeg-elementor-kit.jkit-button .jkit-button-wrapper:hover i{color:var( --e-global-color-80c65b4 );}@media(max-width:1024px){.elementor-178 .elementor-element.elementor-element-6b9080e5{padding:0px 40px 0px 40px;}.elementor-178 .elementor-element.elementor-element-3ecbeb33 .elementor-heading-title{font-size:var( --e-global-typography-8075c09-font-size );line-height:var( --e-global-typography-8075c09-line-height );}.elementor-178 .elementor-element.elementor-element-6922c642 .elementor-heading-title{font-size:var( --e-global-typography-22f92d0-font-size );line-height:var( --e-global-typography-22f92d0-line-height );}.elementor-178 .elementor-element.elementor-element-2ef71323{font-size:var( --e-global-typography-text-font-size );}.elementor-178 .elementor-element.elementor-element-78fc9451 .jeg-elementor-kit.jkit-button .jkit-button-wrapper{font-size:var( --e-global-typography-56f70b3-font-size );line-height:var( --e-global-typography-56f70b3-line-height );letter-spacing:var( --e-global-typography-56f70b3-letter-spacing );}}@media(max-width:767px){.elementor-178 .elementor-element.elementor-element-55816519{border-width:10px 10px 10px 10px;}.elementor-178 .elementor-element.elementor-element-51a58eb7 > .elementor-element-populated{margin:200px 0px 140px 0px;--e-column-margin-right:0px;--e-column-margin-left:0px;}.elementor-178 .elementor-element.elementor-element-6b9080e5{padding:0px 20px 0px 20px;}.elementor-178 .elementor-element.elementor-element-739d732 > .elementor-element-populated{padding:30px 30px 30px 30px;}.elementor-178 .elementor-element.elementor-element-3ecbeb33{margin:-31px 0px calc(var(--kit-widget-spacing, 0px) + 0px) 0px;}.elementor-178 .elementor-element.elementor-element-3ecbeb33 .elementor-heading-title{font-size:var( --e-global-typography-8075c09-font-size );line-height:var( --e-global-typography-8075c09-line-height );}.elementor-178 .elementor-element.elementor-element-6922c642 .elementor-heading-title{font-size:var( --e-global-typography-22f92d0-font-size );line-height:var( --e-global-typography-22f92d0-line-height );}.elementor-178 .elementor-element.elementor-element-2ef71323{font-size:var( --e-global-typography-text-font-size );}.elementor-178 .elementor-element.elementor-element-78fc9451 .jeg-elementor-kit.jkit-button .jkit-button-wrapper{font-size:var( --e-global-typography-56f70b3-font-size );line-height:var( --e-global-typography-56f70b3-line-height );letter-spacing:var( --e-global-typography-56f70b3-letter-spacing );}}<\/style>\t\t<div data-elementor-type=\"wp-page\" data-elementor-id=\"178\" class=\"elementor elementor-178\" data-elementor-post-type=\"page\">\n\t\t\t\t\t\t<section class=\"elementor-section elementor-top-section elementor-element elementor-element-55816519 elementor-section-full_width jkit-sticky-element--enabled elementor-section-height-full elementor-section-height-default elementor-section-items-middle jkit-sticky-element-on--down jkit-sticky-position--sticky\" data-id=\"55816519\" data-element_type=\"section\" data-settings=\"{&quot;background_background&quot;:&quot;classic&quot;,&quot;jkit_sticky_device&quot;:&quot;desktop&quot;,&quot;jkit_sticky_top_position&quot;:{&quot;unit&quot;:&quot;px&quot;,&quot;size&quot;:0,&quot;sizes&quot;:[]}}\">\n\t\t\t\t\t\t\t<div class=\"elementor-background-overlay\"><\/div>\n\t\t\t\t\t\t\t<div class=\"elementor-container elementor-column-gap-no\">\n\t\t\t\t\t<div class=\"elementor-column elementor-col-100 elementor-top-column elementor-element elementor-element-51a58eb7\" data-id=\"51a58eb7\" data-element_type=\"column\">\n\t\t\t<div class=\"elementor-widget-wrap elementor-element-populated\">\n\t\t\t\t\t<div class=\"elementor-background-overlay\"><\/div>\n\t\t\t\t\t\t<section class=\"elementor-section elementor-inner-section elementor-element elementor-element-6b9080e5 elementor-section-boxed elementor-section-height-default elementor-section-height-default elementor-invisible\" data-id=\"6b9080e5\" data-element_type=\"section\" data-settings=\"{&quot;animation&quot;:&quot;fadeInUp&quot;}\">\n\t\t\t\t\t\t<div class=\"elementor-container elementor-column-gap-no\">\n\t\t\t\t\t<div class=\"elementor-column elementor-col-100 elementor-inner-column elementor-element elementor-element-739d732\" data-id=\"739d732\" data-element_type=\"column\" data-settings=\"{&quot;background_background&quot;:&quot;classic&quot;}\">\n\t\t\t<div class=\"elementor-widget-wrap elementor-element-populated\">\n\t\t\t\t\t\t<div class=\"elementor-element elementor-element-3ecbeb33 elementor-widget elementor-widget-heading\" data-id=\"3ecbeb33\" data-element_type=\"widget\" data-widget_type=\"heading.default\">\n\t\t\t\t\t<h2 class=\"elementor-heading-title elementor-size-default\">404<\/h2>\t\t\t\t<\/div>\n\t\t\t\t<div class=\"elementor-element elementor-element-6922c642 elementor-widget elementor-widget-heading\" data-id=\"6922c642\" data-element_type=\"widget\" data-widget_type=\"heading.default\">\n\t\t\t\t\t<h2 class=\"elementor-heading-title elementor-size-default\">La page que vous recherchez n'a pas \u00e9t\u00e9 trouv\u00e9e.<\/h2>\t\t\t\t<\/div>\n\t\t\t\t<div class=\"elementor-element elementor-element-54e2e7a1 elementor-widget-divider--view-line elementor-widget elementor-widget-divider\" data-id=\"54e2e7a1\" data-element_type=\"widget\" data-widget_type=\"divider.default\">\n\t\t\t\t\t\t\t<div class=\"elementor-divider\">\n\t\t\t<span class=\"elementor-divider-separator\">\n\t\t\t\t\t\t<\/span>\n\t\t<\/div>\n\t\t\t\t\t\t<\/div>\n\t\t\t\t<div class=\"elementor-element elementor-element-2ef71323 elementor-widget__width-initial elementor-widget elementor-widget-text-editor\" data-id=\"2ef71323\" data-element_type=\"widget\" data-widget_type=\"text-editor.default\">\n\t\t\t\t\t\t\t\t\t<p>La page que vous recherchez est introuvable. Veuillez acc\u00e9der \u00e0 la page d'accueil via le lien en bas de page et acc\u00e9der aux nouvelles pages \u00e0 partir du menu.<\/p>\t\t\t\t\t\t\t\t<\/div>\n\t\t\t\t<div class=\"elementor-element elementor-element-78fc9451 elementor-widget elementor-widget-jkit_button\" data-id=\"78fc9451\" data-element_type=\"widget\" data-widget_type=\"jkit_button.default\">\n\t\t\t\t\t<div  class=\"jeg-elementor-kit jkit-button  icon-position-after jeg_module___69e8993403472\" ><a href=\"https:\/\/www.alierenyuksel.com\/fr\/\" class=\"jkit-button-wrapper\">Aller \u00e0 la page d'accueil<i class=\"icon-colored jki jki-arrow-right-solid\" aria-hidden=\"true\"><\/i><\/a><\/div>\t\t\t\t<\/div>\n\t\t\t\t\t<\/div>\n\t\t<\/div>\n\t\t\t\t\t<\/div>\n\t\t<\/section>\n\t\t\t\t\t<\/div>\n\t\t<\/div>\n\t\t\t\t\t<\/div>\n\t\t<\/section>\n\t\t\t\t<\/div>","protected":false},"excerpt":{"rendered":"<p>404 La page que vous recherchez n'a pas \u00e9t\u00e9 trouv\u00e9e. La page que vous recherchez est introuvable. Veuillez utiliser le lien en bas de page pour acc\u00e9der \u00e0 la page d'accueil et aux nouvelles pages \u00e0 partir du menu. Aller \u00e0 la page d'accueil<\/p>","protected":false},"author":1,"featured_media":0,"parent":0,"menu_order":0,"comment_status":"closed","ping_status":"closed","template":"elementor_header_footer","meta":{"footnotes":""},"class_list":["post-178","page","type-page","status-publish","hentry"],"yoast_head":"<!-- This site is optimized with the Yoast SEO plugin v26.1.1 - https:\/\/yoast.com\/wordpress\/plugins\/seo\/ -->\n<title>404 - Ali Eren Y\u00fcksel | Official Resmi Web Sitesi<\/title>\n<meta name=\"robots\" content=\"index, follow, max-snippet:-1, max-image-preview:large, max-video-preview:-1\" \/>\n<link rel=\"canonical\" href=\"https:\/\/www.alierenyuksel.com\/fr\/404-2\/\" \/>\n<meta property=\"og:locale\" content=\"fr_FR\" \/>\n<meta property=\"og:type\" content=\"article\" \/>\n<meta property=\"og:title\" content=\"404 - Ali Eren Y\u00fcksel | Official Resmi Web Sitesi\" \/>\n<meta property=\"og:description\" content=\"404 Oops! Arad\u0131\u011f\u0131n\u0131z sayfa bulunamad\u0131. Arad\u0131\u011f\u0131n\u0131z sayfa bulunamamaktad\u0131r. L\u00fctfen alt taraftaki link \u00fczerinden Ana Sayfa&#8217;ya ula\u015f\u0131p men\u00fcden yeni sayfalara giri\u015f yapabilirsiniz. Ana Sayfaya Git\" \/>\n<meta property=\"og:url\" content=\"https:\/\/www.alierenyuksel.com\/fr\/404-2\/\" \/>\n<meta property=\"og:site_name\" content=\"Ali Eren Y\u00fcksel | Official Resmi Web Sitesi\" \/>\n<meta property=\"article:publisher\" content=\"https:\/\/www.facebook.com\/alieren.yuksel\/\" \/>\n<meta property=\"article:modified_time\" content=\"2025-10-20T13:00:42+00:00\" \/>\n<meta name=\"twitter:card\" content=\"summary_large_image\" \/>\n<meta name=\"twitter:site\" content=\"@alierenyuksel21\" \/>\n<meta name=\"twitter:label1\" content=\"Dur\u00e9e de lecture estim\u00e9e\" \/>\n\t<meta name=\"twitter:data1\" content=\"1 minute\" \/>\n<script type=\"application\/ld+json\" class=\"yoast-schema-graph\">{\"@context\":\"https:\/\/schema.org\",\"@graph\":[{\"@type\":\"WebPage\",\"@id\":\"https:\/\/www.alierenyuksel.com\/404-2\/\",\"url\":\"https:\/\/www.alierenyuksel.com\/404-2\/\",\"name\":\"404 - Ali Eren Y\u00fcksel | Official Resmi Web Sitesi\",\"isPartOf\":{\"@id\":\"https:\/\/www.alierenyuksel.com\/#website\"},\"datePublished\":\"2025-09-30T19:02:15+00:00\",\"dateModified\":\"2025-10-20T13:00:42+00:00\",\"breadcrumb\":{\"@id\":\"https:\/\/www.alierenyuksel.com\/404-2\/#breadcrumb\"},\"inLanguage\":\"fr-FR\",\"potentialAction\":[{\"@type\":\"ReadAction\",\"target\":[\"https:\/\/www.alierenyuksel.com\/404-2\/\"]}]},{\"@type\":\"BreadcrumbList\",\"@id\":\"https:\/\/www.alierenyuksel.com\/404-2\/#breadcrumb\",\"itemListElement\":[{\"@type\":\"ListItem\",\"position\":1,\"name\":\"Anasayfa\",\"item\":\"https:\/\/www.alierenyuksel.com\/\"},{\"@type\":\"ListItem\",\"position\":2,\"name\":\"404\"}]},{\"@type\":\"WebSite\",\"@id\":\"https:\/\/www.alierenyuksel.com\/#website\",\"url\":\"https:\/\/www.alierenyuksel.com\/\",\"name\":\"Ali Eren Y\u00fcksel | Official Resmi Web Sitesi\",\"description\":\"\",\"publisher\":{\"@id\":\"https:\/\/www.alierenyuksel.com\/#organization\"},\"potentialAction\":[{\"@type\":\"SearchAction\",\"target\":{\"@type\":\"EntryPoint\",\"urlTemplate\":\"https:\/\/www.alierenyuksel.com\/?s={search_term_string}\"},\"query-input\":{\"@type\":\"PropertyValueSpecification\",\"valueRequired\":true,\"valueName\":\"search_term_string\"}}],\"inLanguage\":\"fr-FR\"},{\"@type\":\"Organization\",\"@id\":\"https:\/\/www.alierenyuksel.com\/#organization\",\"name\":\"Ali Eren Y\u00fcksel | Official Resmi Web Sitesi\",\"url\":\"https:\/\/www.alierenyuksel.com\/\",\"logo\":{\"@type\":\"ImageObject\",\"inLanguage\":\"fr-FR\",\"@id\":\"https:\/\/www.alierenyuksel.com\/#\/schema\/logo\/image\/\",\"url\":\"https:\/\/www.alierenyuksel.com\/wp-content\/uploads\/2025\/10\/ali-eren-yuksel-galeri-6-scaled.jpg\",\"contentUrl\":\"https:\/\/www.alierenyuksel.com\/wp-content\/uploads\/2025\/10\/ali-eren-yuksel-galeri-6-scaled.jpg\",\"width\":1871,\"height\":2560,\"caption\":\"Ali Eren Y\u00fcksel | Official Resmi Web Sitesi\"},\"image\":{\"@id\":\"https:\/\/www.alierenyuksel.com\/#\/schema\/logo\/image\/\"},\"sameAs\":[\"https:\/\/www.facebook.com\/alieren.yuksel\/\",\"https:\/\/x.com\/alierenyuksel21\"]}]}<\/script>\n<!-- \/ Yoast SEO plugin. -->","yoast_head_json":{"title":"404 - Ali Eren Y\u00fcksel | Official Resmi Web Sitesi","robots":{"index":"index","follow":"follow","max-snippet":"max-snippet:-1","max-image-preview":"max-image-preview:large","max-video-preview":"max-video-preview:-1"},"canonical":"https:\/\/www.alierenyuksel.com\/fr\/404-2\/","og_locale":"fr_FR","og_type":"article","og_title":"404 - Ali Eren Y\u00fcksel | Official Resmi Web Sitesi","og_description":"404 Oops! Arad\u0131\u011f\u0131n\u0131z sayfa bulunamad\u0131. Arad\u0131\u011f\u0131n\u0131z sayfa bulunamamaktad\u0131r. L\u00fctfen alt taraftaki link \u00fczerinden Ana Sayfa&#8217;ya ula\u015f\u0131p men\u00fcden yeni sayfalara giri\u015f yapabilirsiniz. Ana Sayfaya Git","og_url":"https:\/\/www.alierenyuksel.com\/fr\/404-2\/","og_site_name":"Ali Eren Y\u00fcksel | Official Resmi Web Sitesi","article_publisher":"https:\/\/www.facebook.com\/alieren.yuksel\/","article_modified_time":"2025-10-20T13:00:42+00:00","twitter_card":"summary_large_image","twitter_site":"@alierenyuksel21","twitter_misc":{"Dur\u00e9e de lecture estim\u00e9e":"1 minute"},"schema":{"@context":"https:\/\/schema.org","@graph":[{"@type":"WebPage","@id":"https:\/\/www.alierenyuksel.com\/404-2\/","url":"https:\/\/www.alierenyuksel.com\/404-2\/","name":"404 - Ali Eren Y\u00fcksel | Official Resmi Web Sitesi","isPartOf":{"@id":"https:\/\/www.alierenyuksel.com\/#website"},"datePublished":"2025-09-30T19:02:15+00:00","dateModified":"2025-10-20T13:00:42+00:00","breadcrumb":{"@id":"https:\/\/www.alierenyuksel.com\/404-2\/#breadcrumb"},"inLanguage":"fr-FR","potentialAction":[{"@type":"ReadAction","target":["https:\/\/www.alierenyuksel.com\/404-2\/"]}]},{"@type":"BreadcrumbList","@id":"https:\/\/www.alierenyuksel.com\/404-2\/#breadcrumb","itemListElement":[{"@type":"ListItem","position":1,"name":"Anasayfa","item":"https:\/\/www.alierenyuksel.com\/"},{"@type":"ListItem","position":2,"name":"404"}]},{"@type":"WebSite","@id":"https:\/\/www.alierenyuksel.com\/#website","url":"https:\/\/www.alierenyuksel.com\/","name":"Ali Eren Y\u00fcksel | Official Resmi Web Sitesi","description":"","publisher":{"@id":"https:\/\/www.alierenyuksel.com\/#organization"},"potentialAction":[{"@type":"SearchAction","target":{"@type":"EntryPoint","urlTemplate":"https:\/\/www.alierenyuksel.com\/?s={search_term_string}"},"query-input":{"@type":"PropertyValueSpecification","valueRequired":true,"valueName":"search_term_string"}}],"inLanguage":"fr-FR"},{"@type":"Organization","@id":"https:\/\/www.alierenyuksel.com\/#organization","name":"Ali Eren Y\u00fcksel | Official Resmi Web Sitesi","url":"https:\/\/www.alierenyuksel.com\/","logo":{"@type":"ImageObject","inLanguage":"fr-FR","@id":"https:\/\/www.alierenyuksel.com\/#\/schema\/logo\/image\/","url":"https:\/\/www.alierenyuksel.com\/wp-content\/uploads\/2025\/10\/ali-eren-yuksel-galeri-6-scaled.jpg","contentUrl":"https:\/\/www.alierenyuksel.com\/wp-content\/uploads\/2025\/10\/ali-eren-yuksel-galeri-6-scaled.jpg","width":1871,"height":2560,"caption":"Ali Eren Y\u00fcksel | Official Resmi Web Sitesi"},"image":{"@id":"https:\/\/www.alierenyuksel.com\/#\/schema\/logo\/image\/"},"sameAs":["https:\/\/www.facebook.com\/alieren.yuksel\/","https:\/\/x.com\/alierenyuksel21"]}]}},"_links":{"self":[{"href":"https:\/\/www.alierenyuksel.com\/fr\/wp-json\/wp\/v2\/pages\/178","targetHints":{"allow":["GET"]}}],"collection":[{"href":"https:\/\/www.alierenyuksel.com\/fr\/wp-json\/wp\/v2\/pages"}],"about":[{"href":"https:\/\/www.alierenyuksel.com\/fr\/wp-json\/wp\/v2\/types\/page"}],"author":[{"embeddable":true,"href":"https:\/\/www.alierenyuksel.com\/fr\/wp-json\/wp\/v2\/users\/1"}],"replies":[{"embeddable":true,"href":"https:\/\/www.alierenyuksel.com\/fr\/wp-json\/wp\/v2\/comments?post=178"}],"version-history":[{"count":10,"href":"https:\/\/www.alierenyuksel.com\/fr\/wp-json\/wp\/v2\/pages\/178\/revisions"}],"predecessor-version":[{"id":938,"href":"https:\/\/www.alierenyuksel.com\/fr\/wp-json\/wp\/v2\/pages\/178\/revisions\/938"}],"wp:attachment":[{"href":"https:\/\/www.alierenyuksel.com\/fr\/wp-json\/wp\/v2\/media?parent=178"}],"curies":[{"name":"wp","href":"https:\/\/api.w.org\/{rel}","templated":true}]}}